{"id":22,"date":"2026-03-05T10:17:57","date_gmt":"2026-03-05T10:17:57","guid":{"rendered":"https:\/\/colliermonitor.com\/?page_id=22"},"modified":"2026-03-05T18:27:43","modified_gmt":"2026-03-05T18:27:43","slug":"inicio","status":"publish","type":"page","link":"https:\/\/colliermonitor.com\/","title":{"rendered":"Inicio"},"content":{"rendered":"<div data-spectra-id=\"spectra-mmdbfn1r-ehka4b\"\tstyle=\"overflow: visible; --spectra-text-color: ast-global-color-2; --spectra-text-color-hover: var(--ast-global-color-4); --spectra-box-shadow: inset -3px 11px 62px 13px #ffffff; --spectra-box-shadow-hover: inset 11px 19px 73px -29px #000000;\" class=\"spectra-is-root-container alignwide spectra-overlay-color spectra-overflow spectra-text-color spectra-text-color-hover spectra-box-shadow spectra-box-shadow-hover wp-elements-fead478e9d84bf660bde5e5813be7f4d wp-block-spectra-container has-text-color has-ast-global-color-2-color\" data-orientation=\"vertical\"\t>\n\t\n\n<h1 class=\"wp-block-heading has-text-align-center has-ast-global-color-2-color has-text-color has-large-font-size\" style=\"border-width:3px;border-top-left-radius:23px;border-top-right-radius:23px;border-bottom-left-radius:23px;border-bottom-right-radius:23px;padding-top:0;padding-right:var(--wp--preset--spacing--30);padding-bottom:0;padding-left:var(--wp--preset--spacing--30)\">Expertos en Limpieza y Reparaci\u00f3n de Piscinas en Naples y Collier County.<\/h1>\n\n\n\n<p class=\"has-text-align-center has-border-color has-ast-global-color-1-border-color has-ast-global-color-6-color has-text-color has-link-color has-medium-font-size wp-elements-1acae530f02e8507a8a83236bbd69146\" style=\"border-width:3px;border-top-left-radius:23px;border-top-right-radius:23px;border-bottom-left-radius:23px;border-bottom-right-radius:23px;margin-top:var(--wp--preset--spacing--30);margin-right:var(--wp--preset--spacing--20);margin-bottom:var(--wp--preset--spacing--30);margin-left:var(--wp--preset--spacing--20);padding-top:var(--wp--preset--spacing--20);padding-right:0;padding-bottom:var(--wp--preset--spacing--20);padding-left:0\">&#8220;Mantenimiento semanal, reparaci\u00f3n de bombas y tratamiento de agua verde. Servicio r\u00e1pido, confiable y sin contratos ocultos.&#8221;<\/p>\n\n<\/div>\n\n\n\n<div class=\"wp-block-buttons has-custom-font-size has-medium-font-size is-content-justification-center is-nowrap is-layout-flex wp-container-core-buttons-is-layout-f29fc591 wp-block-buttons-is-layout-flex\" style=\"border-style:none;border-width:0px;border-top-left-radius:0px;border-top-right-radius:0px;border-bottom-left-radius:0px;border-bottom-right-radius:0px;margin-top:var(--wp--preset--spacing--40);margin-bottom:var(--wp--preset--spacing--40);padding-top:var(--wp--preset--spacing--40);padding-right:0;padding-bottom:0;padding-left:0\">\n<div class=\"wp-block-button\"><a class=\"wp-block-button__link wp-element-button\" rel=\"tel: +12393784303\">Llamar Ahora<\/a><\/div>\n<\/div>\n\n\n<div data-spectra-id=\"spectra-mmdf8sjd-bm4s79\"\tstyle=\"overflow: visible;\" class=\"spectra-is-root-container alignfull spectra-overlay-color is-vertical-desktop is-vertical-tablet-from-desktop is-vertical-mobile spectra-overflow wp-block-spectra-container\" data-orientation=\"vertical\"\t>\n\t\n\n<h2 class=\"wp-block-heading has-medium-font-size\" style=\"border-width:2px;border-top-left-radius:9px;border-top-right-radius:9px;border-bottom-left-radius:9px;border-bottom-right-radius:9px\">Nuestros Servicios de Piscina<\/h2>\n\n<\/div>\n\n\n<div data-spectra-id=\"spectra-mmdff3wk-murcgs\"\tstyle=\"overflow: visible; --spectra-text-color: ast-global-color-4; --spectra-box-shadow: inset 12px 9px 93px 30px #000000;\" class=\"spectra-is-root-container alignwide spectra-overlay-color spectra-overflow spectra-text-color spectra-box-shadow wp-elements-821e4752d81bf6ed920f3ebdb396357a wp-block-spectra-container has-text-color has-ast-global-color-4-color\" data-orientation=\"vertical\"\t>\n\t\n<div data-spectra-id=\"spectra-mmdff9r7-jas0sy\" style=\"overflow: visible;--spectra-text-color: ast-global-color-4;--spectra-text-color-hover: var(--ast-global-color-0)\" class=\"spectra-overlay-color spectra-overflow spectra-text-color spectra-text-color-hover wp-elements-9909aeb7d2819fd5fbdf98fb27ecc804 wp-block-spectra-container has-text-color has-ast-global-color-4-color\" data-orientation=\"vertical\">\n\t\n\n<h2 class=\"wp-block-heading has-text-align-center has-luminous-vivid-amber-color has-text-color has-link-color wp-elements-b67748ceddc32c8224547f2613e39b2d\" style=\"font-size:30px\">Mantenimiento Semanal<\/h2>\n\n\n\n<figure data-spectra-id=\"spectra-mmdhk3fx-2v7vvk\" class=\"wp-block-image size-medium is-style-default\"><img loading=\"lazy\" decoding=\"async\" width=\"300\" height=\"169\" src=\"https:\/\/colliermonitor.com\/wp-content\/uploads\/2026\/03\/2-removebg-preview-300x169.png\" alt=\"\" class=\"wp-image-42\" srcset=\"https:\/\/colliermonitor.com\/wp-content\/uploads\/2026\/03\/2-removebg-preview-300x169.png 300w, https:\/\/colliermonitor.com\/wp-content\/uploads\/2026\/03\/2-removebg-preview.png 665w\" sizes=\"auto, (max-width: 300px) 100vw, 300px\" \/><\/figure>\n\n\n\n<p class=\"has-text-align-center has-luminous-vivid-amber-color has-text-color has-link-color has-medium-font-size wp-elements-053250dccb086ba611231c692fe0858b\" style=\"border-width:6px;border-top-left-radius:29px;border-top-right-radius:29px;border-bottom-left-radius:29px;border-bottom-right-radius:29px;margin-top:var(--wp--preset--spacing--50);margin-right:var(--wp--preset--spacing--20);margin-bottom:var(--wp--preset--spacing--50);margin-left:var(--wp--preset--spacing--20);padding-top:0;padding-right:0;padding-bottom:0;padding-left:0\">Mant\u00e9n tu piscina cristalina todo el a\u00f1o en Naples y sus alrededores. Qu\u00edmicos balanceados, limpieza de filtros y aspirado completo.<\/p>\n\n<\/div>\n\n\n<div data-spectra-id=\"spectra-mmdff9rf-2iuqcq\" style=\"overflow: visible;--spectra-text-color: luminous-vivid-orange;--spectra-text-color-hover: var(--ast-global-color-1)\" class=\"spectra-overlay-color spectra-overflow spectra-text-color spectra-text-color-hover wp-elements-a662c5d2dd11e3b237630cc33e5c4392 wp-block-spectra-container has-text-color has-luminous-vivid-orange-color\" data-orientation=\"vertical\">\n\t\n\n<h2 class=\"wp-block-heading has-text-align-center has-luminous-vivid-orange-color has-text-color has-link-color wp-elements-46f81e0bff62b5c72209aeb3120e6ab2\" style=\"font-size:30px\">Reparaci\u00f3n de Equipos<\/h2>\n\n\n\n<figure data-spectra-id=\"spectra-mmdi019e-ooncjf\" class=\"wp-block-image size-medium is-style-default\" style=\"margin-top:0;margin-bottom:0\"><img loading=\"lazy\" decoding=\"async\" width=\"300\" height=\"169\" src=\"https:\/\/colliermonitor.com\/wp-content\/uploads\/2026\/03\/5-removebg-preview-300x169.png\" alt=\"\" class=\"wp-image-43\" srcset=\"https:\/\/colliermonitor.com\/wp-content\/uploads\/2026\/03\/5-removebg-preview-300x169.png 300w, https:\/\/colliermonitor.com\/wp-content\/uploads\/2026\/03\/5-removebg-preview.png 665w\" sizes=\"auto, (max-width: 300px) 100vw, 300px\" \/><\/figure>\n\n\n\n<p class=\"has-text-align-center has-luminous-vivid-orange-color has-text-color has-medium-font-size wp-container-content-5dc44c30\" style=\"border-width:6px;border-top-left-radius:28px;border-top-right-radius:28px;border-bottom-left-radius:28px;border-bottom-right-radius:28px;margin-top:0;margin-right:var(--wp--preset--spacing--60);margin-bottom:0;margin-left:var(--wp--preset--spacing--60);padding-top:0;padding-right:0;padding-bottom:0;padding-left:0\"><em>Diagn\u00f3stico y arreglo de bombas, motores y calentadores en Collier County. Soluciones r\u00e1pidas para que tu piscina no se detenga.<\/em><\/p>\n\n<\/div>\n\n\n<div data-spectra-id=\"spectra-mmdff9ro-f8fxwy\" style=\"overflow: visible;--spectra-text-color: light-green-cyan;--spectra-text-color-hover: var(--ast-global-color-0)\" class=\"spectra-overlay-color spectra-overflow spectra-text-color spectra-text-color-hover wp-elements-fefd52c801c350bfcb0b34fb1d53d6a6 wp-block-spectra-container has-text-color has-light-green-cyan-color\" data-orientation=\"vertical\">\n\t\n\n<h2 class=\"wp-block-heading has-text-align-center\" style=\"font-size:30px\">Recuperaci\u00f3n de Agua Verde<\/h2>\n\n\n\n<figure data-spectra-id=\"spectra-mmdi2qes-uuhhsz\" class=\"wp-block-image size-medium\"><img loading=\"lazy\" decoding=\"async\" width=\"300\" height=\"169\" src=\"https:\/\/colliermonitor.com\/wp-content\/uploads\/2026\/03\/6-removebg-preview-300x169.png\" alt=\"\" class=\"wp-image-44\" srcset=\"https:\/\/colliermonitor.com\/wp-content\/uploads\/2026\/03\/6-removebg-preview-300x169.png 300w, https:\/\/colliermonitor.com\/wp-content\/uploads\/2026\/03\/6-removebg-preview.png 665w\" sizes=\"auto, (max-width: 300px) 100vw, 300px\" \/><\/figure>\n\n\n\n<p class=\"has-text-align-center has-light-green-cyan-color has-text-color has-medium-font-size wp-container-content-9cfa9a5a\" style=\"border-width:6px;border-top-left-radius:28px;border-top-right-radius:28px;border-bottom-left-radius:28px;border-bottom-right-radius:28px;margin-top:0;margin-right:var(--wp--preset--spacing--70);margin-bottom:0;margin-left:var(--wp--preset--spacing--70);padding-top:0;padding-bottom:0\">\u00bfEmergencia? Convertimos el agua verde y turbia en un oasis transparente en tiempo r\u00e9cord. Tratamientos de choque efectivos.<\/p>\n\n<\/div>\n\n<\/div>\n\n\n<div data-spectra-id=\"spectra-mmdmd2yb-9axsvp\"\tstyle=\"overflow: visible;\" class=\"spectra-is-root-container alignfull spectra-overlay-color spectra-overflow wp-block-spectra-container\" data-orientation=\"vertical\"\t>\n\t\n\n<h3 class=\"wp-block-heading has-text-align-center\">Lo que dicen nuestros clientes en Naples y Collier County<\/h3>\n\n<\/div>\n\n\n<div data-spectra-id=\"spectra-mmdmj48a-525wrn\"\tstyle=\"overflow: visible;\" class=\"spectra-is-root-container spectra-overlay-color spectra-overflow wp-block-spectra-container\" data-orientation=\"vertical\"\t>\n\t\n<div data-spectra-id=\"spectra-mmdmj58a-8887sz\" style=\"overflow: visible\" class=\"spectra-overlay-color spectra-overflow wp-block-spectra-container\" data-orientation=\"vertical\">\n\t\n\n<p class=\"has-text-align-center\">\u2b50\u2b50\u2b50\u2b50\u2b50<\/p>\n\n\n\n<p class=\"has-text-align-center\">Llam\u00e9 con la bomba rota y el agua verde. Llegaron el mismo d\u00eda a mi casa en Naples. R\u00e1pidos, honestos y el precio fue exactamente el que prometieron.&#8221;<\/p>\n\n\n\n<p class=\"has-text-align-center\"><strong>Michael R. &#8211; Naples, FL<\/strong>.<\/p>\n\n<\/div>\n\n\n<div data-spectra-id=\"spectra-mmdmj58c-ucqyzt\" style=\"overflow: visible\" class=\"spectra-overlay-color spectra-overflow wp-block-spectra-container\" data-orientation=\"vertical\">\n\t<\/div>\n\n\n<div data-spectra-id=\"spectra-mmdmj58d-jzz979\" style=\"overflow: visible\" class=\"spectra-overlay-color spectra-overflow wp-block-spectra-container\" data-orientation=\"vertical\">\n\t<\/div>\n\n<\/div>\n","protected":false},"excerpt":{"rendered":"","protected":false},"author":1,"featured_media":34,"parent":0,"menu_order":0,"comment_status":"closed","ping_status":"closed","template":"","meta":{"_uag_custom_page_level_css":"","site-sidebar-layout":"no-sidebar","site-content-layout":"","ast-site-content-layout":"full-width-container","site-content-style":"default","site-sidebar-style":"default","ast-global-header-display":"","ast-banner-title-visibility":"","ast-main-header-display":"","ast-hfb-above-header-display":"","ast-hfb-below-header-display":"","ast-hfb-mobile-header-display":"","site-post-title":"","ast-breadcrumbs-content":"","ast-featured-img":"disabled","footer-sml-layout":"","ast-disable-related-posts":"","theme-transparent-header-meta":"","adv-header-id-meta":"","stick-header-meta":"","header-above-stick-meta":"","header-main-stick-meta":"","header-below-stick-meta":"","astra-migrate-meta-layouts":"default","ast-page-background-enabled":"default","ast-page-background-meta":{"desktop":{"background-color":"var(--ast-global-color-5)","background-image":"","background-repeat":"repeat","background-position":"center center","background-size":"auto","background-attachment":"scroll","background-type":"","background-media":"","overlay-type":"","overlay-color":"","overlay-opacity":"","overlay-gradient":""},"tablet":{"background-color":"","background-image":"","background-repeat":"repeat","background-position":"center center","background-size":"auto","background-attachment":"scroll","background-type":"","background-media":"","overlay-type":"","overlay-color":"","overlay-opacity":"","overlay-gradient":""},"mobile":{"background-color":"","background-image":"","background-repeat":"repeat","background-position":"center center","background-size":"auto","background-attachment":"scroll","background-type":"","background-media":"","overlay-type":"","overlay-color":"","overlay-opacity":"","overlay-gradient":""}},"ast-content-background-meta":{"desktop":{"background-color":"var(--ast-global-color-4)","background-image":"","background-repeat":"repeat","background-position":"center center","background-size":"auto","background-attachment":"scroll","background-type":"","background-media":"","overlay-type":"","overlay-color":"","overlay-opacity":"","overlay-gradient":""},"tablet":{"background-color":"var(--ast-global-color-4)","background-image":"","background-repeat":"repeat","background-position":"center center","background-size":"auto","background-attachment":"scroll","background-type":"","background-media":"","overlay-type":"","overlay-color":"","overlay-opacity":"","overlay-gradient":""},"mobile":{"background-color":"var(--ast-global-color-4)","background-image":"","background-repeat":"repeat","background-position":"center center","background-size":"auto","background-attachment":"scroll","background-type":"","background-media":"","overlay-type":"","overlay-color":"","overlay-opacity":"","overlay-gradient":""}},"footnotes":""},"class_list":["post-22","page","type-page","status-publish","has-post-thumbnail","hentry"],"uagb_featured_image_src":{"full":["https:\/\/colliermonitor.com\/wp-content\/uploads\/2026\/03\/g6b61d4d436274086dff3983fcf4e1f05ad27a4004c8b6ada99a6bda206f0e281820434e361f7e1d5c630c5f008b0bc2e55c9aedc2c0ed7d8a216c79ebe610f4b_1280-5441456.jpg",853,1280,false],"thumbnail":["https:\/\/colliermonitor.com\/wp-content\/uploads\/2026\/03\/g6b61d4d436274086dff3983fcf4e1f05ad27a4004c8b6ada99a6bda206f0e281820434e361f7e1d5c630c5f008b0bc2e55c9aedc2c0ed7d8a216c79ebe610f4b_1280-5441456-150x150.jpg",150,150,true],"medium":["https:\/\/colliermonitor.com\/wp-content\/uploads\/2026\/03\/g6b61d4d436274086dff3983fcf4e1f05ad27a4004c8b6ada99a6bda206f0e281820434e361f7e1d5c630c5f008b0bc2e55c9aedc2c0ed7d8a216c79ebe610f4b_1280-5441456-200x300.jpg",200,300,true],"medium_large":["https:\/\/colliermonitor.com\/wp-content\/uploads\/2026\/03\/g6b61d4d436274086dff3983fcf4e1f05ad27a4004c8b6ada99a6bda206f0e281820434e361f7e1d5c630c5f008b0bc2e55c9aedc2c0ed7d8a216c79ebe610f4b_1280-5441456-768x1152.jpg",768,1152,true],"large":["https:\/\/colliermonitor.com\/wp-content\/uploads\/2026\/03\/g6b61d4d436274086dff3983fcf4e1f05ad27a4004c8b6ada99a6bda206f0e281820434e361f7e1d5c630c5f008b0bc2e55c9aedc2c0ed7d8a216c79ebe610f4b_1280-5441456-682x1024.jpg",682,1024,true],"1536x1536":["https:\/\/colliermonitor.com\/wp-content\/uploads\/2026\/03\/g6b61d4d436274086dff3983fcf4e1f05ad27a4004c8b6ada99a6bda206f0e281820434e361f7e1d5c630c5f008b0bc2e55c9aedc2c0ed7d8a216c79ebe610f4b_1280-5441456.jpg",853,1280,false],"2048x2048":["https:\/\/colliermonitor.com\/wp-content\/uploads\/2026\/03\/g6b61d4d436274086dff3983fcf4e1f05ad27a4004c8b6ada99a6bda206f0e281820434e361f7e1d5c630c5f008b0bc2e55c9aedc2c0ed7d8a216c79ebe610f4b_1280-5441456.jpg",853,1280,false]},"uagb_author_info":{"display_name":"riosprimellc","author_link":"https:\/\/colliermonitor.com\/?author=1"},"uagb_comment_info":0,"uagb_excerpt":null,"_links":{"self":[{"href":"https:\/\/colliermonitor.com\/index.php?rest_route=\/wp\/v2\/pages\/22","targetHints":{"allow":["GET"]}}],"collection":[{"href":"https:\/\/colliermonitor.com\/index.php?rest_route=\/wp\/v2\/pages"}],"about":[{"href":"https:\/\/colliermonitor.com\/index.php?rest_route=\/wp\/v2\/types\/page"}],"author":[{"embeddable":true,"href":"https:\/\/colliermonitor.com\/index.php?rest_route=\/wp\/v2\/users\/1"}],"replies":[{"embeddable":true,"href":"https:\/\/colliermonitor.com\/index.php?rest_route=%2Fwp%2Fv2%2Fcomments&post=22"}],"version-history":[{"count":4,"href":"https:\/\/colliermonitor.com\/index.php?rest_route=\/wp\/v2\/pages\/22\/revisions"}],"predecessor-version":[{"id":110,"href":"https:\/\/colliermonitor.com\/index.php?rest_route=\/wp\/v2\/pages\/22\/revisions\/110"}],"wp:featuredmedia":[{"embeddable":true,"href":"https:\/\/colliermonitor.com\/index.php?rest_route=\/wp\/v2\/media\/34"}],"wp:attachment":[{"href":"https:\/\/colliermonitor.com\/index.php?rest_route=%2Fwp%2Fv2%2Fmedia&parent=22"}],"curies":[{"name":"wp","href":"https:\/\/api.w.org\/{rel}","templated":true}]}}